{"id":2579,"date":"2021-01-30T19:10:24","date_gmt":"2021-01-30T18:10:24","guid":{"rendered":"https:\/\/anapusca.com\/?page_id=2579"},"modified":"2025-01-26T20:41:26","modified_gmt":"2025-01-26T19:41:26","slug":"vos-besoins","status":"publish","type":"page","link":"https:\/\/anapusca.com\/en\/vos-besoins\/","title":{"rendered":"Your Needs, My Expertise"},"content":{"rendered":"<p>As a leader, your responsibilities are vast and demanding:<\/p>\n<ul>\n<li>Making strategic decisions quickly and confidently.<\/li>\n<li>Navigating complex and uncertain environments.<\/li>\n<li>Inspiring your teams while maintaining sustainable performance.<\/li>\n<\/ul>\n<p>These challenges require personalized support to develop your leadership, clarify your priorities, and maximize your impact. That\u2019s where I come in.<\/p>\n<h2>Accelerate and clarify strategic decisions<\/h2>\n<ul>\n<li>Sharpen your thinking with a sparring partner who supports you in acting with clarity and efficiency.<\/li>\n<li>Ensure that your strategic choices align with your long-term ambitions.<\/li>\n<li>Make relevant choices among current opportunities.<\/li>\n<li>Transform hesitation into quick and informed decisions.<\/li>\n<\/ul>\n<p>\u00a0<\/p>\n<h2>Support posture changes and role transitions<\/h2>\n<ul>\n<li>Build an effective strategy to approach a new posture or role with confidence.<\/li>\n<li>Clarify your challenges to align your goals and aspirations with a clear and motivating vision.<\/li>\n<li>Design a detailed action plan to ensure continuity and guarantee sustainable success.<\/li>\n<\/ul>\n<p>\u00a0<\/p>\n<h2>Develop your leadership<\/h2>\n<ul>\n<li>Adopt an agile leadership posture, aligned with the context and team expectations.<\/li>\n<li>Strengthen emotional mastery to improve listening and relationship management.<\/li>\n<li>Create a stimulating environment that fosters creativity and initiative.<\/li>\n<\/ul>\n<p>\u00a0<\/p>\n<p><img decoding=\"async\" class=\"aligncenter\" style=\"-webkit-box-shadow: none; -moz-box-shadow: none;\" src=\"https:\/\/anapusca.com\/wp-content\/themes\/tmeditate\/images\/separator.png\" \/><\/p>\n<h2>\u00a0<\/h2>\n<p>\u00a0<\/p>\n<h2>To achieve this, the coaching I offer:<\/h2>\n<p>I offer tailored coaching, based on a pragmatic and results-oriented approach.<\/p>\n<p><strong>A structured and flexible process<\/strong>: 4 to 6 months of support, adapted to your pace and specific needs.<\/p>\n<p><strong>High-level expertise<\/strong>: I combine 14 years of leadership experience and, since 2018, professional coaching to meet the demands of executives.<\/p>\n<h2>The results you will achieve:<\/h2>\n<ul>\n<li>Faster decisions aligned with your strategic goals.<\/li>\n<li>An improved posture with immediate impact.\u00a0<\/li>\n<li>Motivated and aligned teams, thanks to strengthened leadership.<\/li>\n<\/ul>\n<p>\u00a0<\/p>\n<p>Schedule an initial consultation and discover how this coaching can meet your expectations.<br \/><a href=\"https:\/\/calendly.com\/ana-pusca-coaching\/prise-de-contact\">BOOK AN APPOINTMENT now<\/a><\/p>\n<p><img decoding=\"async\" class=\"aligncenter\" style=\"-webkit-box-shadow: none; -moz-box-shadow: none;\" src=\"https:\/\/anapusca.com\/wp-content\/themes\/tmeditate\/images\/separator.png\" \/><\/p>\n\n\n<p><\/p>\n","protected":false},"excerpt":{"rendered":"<p>As a leader, your responsibilities are vast and demanding: Making strategic decisions quickly and confidently. Navigating complex and uncertain environments. Inspiring your teams while maintaining sustainable performance. These challenges require personalized support to develop your leadership, clarify your priorities, and maximize your impact. That\u2019s where I come in. Accelerate and clarify strategic decisions Sharpen your [&hellip;]<\/p>\n","protected":false},"author":1,"featured_media":2955,"parent":0,"menu_order":0,"comment_status":"closed","ping_status":"closed","template":"","meta":{"footnotes":""},"class_list":["post-2579","page","type-page","status-publish","has-post-thumbnail","hentry"],"yoast_head":"<!-- This site is optimized with the Yoast SEO plugin v27.4 - https:\/\/yoast.com\/product\/yoast-seo-wordpress\/ -->\n<title>Your Needs, My Expertise<\/title>\n<meta name=\"description\" content=\"You already have or will have a leadership position: CEO, Manager, Director, CTO, CIO, my Executive Coaching services will help you reach your goals (Paris)\" \/>\n<meta name=\"robots\" content=\"index, follow, max-snippet:-1, max-image-preview:large, max-video-preview:-1\" \/>\n<link rel=\"canonical\" href=\"https:\/\/anapusca.com\/en\/vos-besoins\/\" \/>\n<meta property=\"og:locale\" content=\"en_US\" \/>\n<meta property=\"og:locale:alternate\" content=\"fr_FR\" \/>\n<meta property=\"og:type\" content=\"article\" \/>\n<meta property=\"og:title\" content=\"Your Needs, My Expertise\" \/>\n<meta property=\"og:description\" content=\"D\u00e9veloppez votre leadership et prenez des d\u00e9cisions strat\u00e9giques avec assurance gr\u00e2ce \u00e0 un accompagnement sur-mesure. Coaching de dirigeants pour clarifier vos priorit\u00e9s, maximiser votre impact et r\u00e9ussir vos transitions professionnelles. Prenez rendez-vous d\u00e8s maintenant !\" \/>\n<meta property=\"og:url\" content=\"https:\/\/anapusca.com\/en\/vos-besoins\/\" \/>\n<meta property=\"og:site_name\" content=\"Ana Pu\u0219c\u0103\" \/>\n<meta property=\"article:publisher\" content=\"https:\/\/www.facebook.com\/coachanapusca\" \/>\n<meta property=\"article:modified_time\" content=\"2025-01-26T19:41:26+00:00\" \/>\n<meta property=\"og:image\" content=\"https:\/\/anapusca.com\/wp-content\/uploads\/2024\/12\/vos_besoins.png\" \/>\n\t<meta property=\"og:image:width\" content=\"1280\" \/>\n\t<meta property=\"og:image:height\" content=\"289\" \/>\n\t<meta property=\"og:image:type\" content=\"image\/png\" \/>\n<meta name=\"twitter:card\" content=\"summary_large_image\" \/>\n<meta name=\"twitter:label1\" content=\"Est. reading time\" \/>\n\t<meta name=\"twitter:data1\" content=\"3 minutes\" \/>\n<script type=\"application\/ld+json\" class=\"yoast-schema-graph\">{\"@context\":\"https:\\\/\\\/schema.org\",\"@graph\":[{\"@type\":\"WebPage\",\"@id\":\"https:\\\/\\\/anapusca.com\\\/vos-besoins\\\/\",\"url\":\"https:\\\/\\\/anapusca.com\\\/vos-besoins\\\/\",\"name\":\"Your Needs, My Expertise\",\"isPartOf\":{\"@id\":\"https:\\\/\\\/anapusca.com\\\/#website\"},\"primaryImageOfPage\":{\"@id\":\"https:\\\/\\\/anapusca.com\\\/vos-besoins\\\/#primaryimage\"},\"image\":{\"@id\":\"https:\\\/\\\/anapusca.com\\\/vos-besoins\\\/#primaryimage\"},\"thumbnailUrl\":\"https:\\\/\\\/anapusca.com\\\/wp-content\\\/uploads\\\/2024\\\/12\\\/vos_besoins.png\",\"datePublished\":\"2021-01-30T18:10:24+00:00\",\"dateModified\":\"2025-01-26T19:41:26+00:00\",\"description\":\"D\u00e9veloppez votre leadership et prenez des d\u00e9cisions strat\u00e9giques avec assurance gr\u00e2ce \u00e0 un accompagnement sur-mesure. Coaching de dirigeants pour clarifier vos priorit\u00e9s, maximiser votre impact et r\u00e9ussir vos transitions professionnelles. Prenez rendez-vous d\u00e8s maintenant !\",\"breadcrumb\":{\"@id\":\"https:\\\/\\\/anapusca.com\\\/vos-besoins\\\/#breadcrumb\"},\"inLanguage\":\"en-US\",\"potentialAction\":[{\"@type\":\"ReadAction\",\"target\":[\"https:\\\/\\\/anapusca.com\\\/vos-besoins\\\/\"]}]},{\"@type\":\"ImageObject\",\"inLanguage\":\"en-US\",\"@id\":\"https:\\\/\\\/anapusca.com\\\/vos-besoins\\\/#primaryimage\",\"url\":\"https:\\\/\\\/anapusca.com\\\/wp-content\\\/uploads\\\/2024\\\/12\\\/vos_besoins.png\",\"contentUrl\":\"https:\\\/\\\/anapusca.com\\\/wp-content\\\/uploads\\\/2024\\\/12\\\/vos_besoins.png\",\"width\":1280,\"height\":289},{\"@type\":\"BreadcrumbList\",\"@id\":\"https:\\\/\\\/anapusca.com\\\/vos-besoins\\\/#breadcrumb\",\"itemListElement\":[{\"@type\":\"ListItem\",\"position\":1,\"name\":\"Accueil\",\"item\":\"https:\\\/\\\/anapusca.com\\\/\"},{\"@type\":\"ListItem\",\"position\":2,\"name\":\"Vos besoins, mon expertise\"}]},{\"@type\":\"WebSite\",\"@id\":\"https:\\\/\\\/anapusca.com\\\/#website\",\"url\":\"https:\\\/\\\/anapusca.com\\\/\",\"name\":\"Ana Pu\u0219c\u0103 - Executive & Life Coach\",\"description\":\"Executive Coach\",\"publisher\":{\"@id\":\"https:\\\/\\\/anapusca.com\\\/#organization\"},\"potentialAction\":[{\"@type\":\"SearchAction\",\"target\":{\"@type\":\"EntryPoint\",\"urlTemplate\":\"https:\\\/\\\/anapusca.com\\\/?s={search_term_string}\"},\"query-input\":{\"@type\":\"PropertyValueSpecification\",\"valueRequired\":true,\"valueName\":\"search_term_string\"}}],\"inLanguage\":\"en-US\"},{\"@type\":\"Organization\",\"@id\":\"https:\\\/\\\/anapusca.com\\\/#organization\",\"name\":\"Ana Pu\u0219c\u0103 - Executive & Life Coach\",\"url\":\"https:\\\/\\\/anapusca.com\\\/\",\"logo\":{\"@type\":\"ImageObject\",\"inLanguage\":\"en-US\",\"@id\":\"https:\\\/\\\/anapusca.com\\\/#\\\/schema\\\/logo\\\/image\\\/\",\"url\":\"https:\\\/\\\/anapusca.com\\\/wp-content\\\/uploads\\\/2018\\\/08\\\/logo-f-mic.png\",\"contentUrl\":\"https:\\\/\\\/anapusca.com\\\/wp-content\\\/uploads\\\/2018\\\/08\\\/logo-f-mic.png\",\"width\":283,\"height\":79,\"caption\":\"Ana Pu\u0219c\u0103 - Executive & Life Coach\"},\"image\":{\"@id\":\"https:\\\/\\\/anapusca.com\\\/#\\\/schema\\\/logo\\\/image\\\/\"},\"sameAs\":[\"https:\\\/\\\/www.facebook.com\\\/coachanapusca\",\"https:\\\/\\\/www.linkedin.com\\\/company\\\/ana-pusca-executive-life-coach\\\/\"]}]}<\/script>\n<!-- \/ Yoast SEO plugin. -->","yoast_head_json":{"title":"Your Needs, My Expertise","description":"You already have or will have a leadership position: CEO, Manager, Director, CTO, CIO, my Executive Coaching services will help you reach your goals (Paris)","robots":{"index":"index","follow":"follow","max-snippet":"max-snippet:-1","max-image-preview":"max-image-preview:large","max-video-preview":"max-video-preview:-1"},"canonical":"https:\/\/anapusca.com\/en\/vos-besoins\/","og_locale":"en_US","og_type":"article","og_title":"[:fr]Vos besoins, mon expertise[:en]Your Needs, My Expertise[:] - Ana Pu\u0219c\u0103","og_description":"D\u00e9veloppez votre leadership et prenez des d\u00e9cisions strat\u00e9giques avec assurance gr\u00e2ce \u00e0 un accompagnement sur-mesure. Coaching de dirigeants pour clarifier vos priorit\u00e9s, maximiser votre impact et r\u00e9ussir vos transitions professionnelles. Prenez rendez-vous d\u00e8s maintenant !","og_url":"https:\/\/anapusca.com\/en\/vos-besoins\/","og_site_name":"Ana Pu\u0219c\u0103","article_publisher":"https:\/\/www.facebook.com\/coachanapusca","article_modified_time":"2025-01-26T19:41:26+00:00","og_image":[{"width":1280,"height":289,"url":"https:\/\/anapusca.com\/wp-content\/uploads\/2024\/12\/vos_besoins.png","type":"image\/png"}],"twitter_card":"summary_large_image","twitter_misc":{"Est. reading time":"3 minutes"},"schema":{"@context":"https:\/\/schema.org","@graph":[{"@type":"WebPage","@id":"https:\/\/anapusca.com\/vos-besoins\/","url":"https:\/\/anapusca.com\/vos-besoins\/","name":"Your Needs, My Expertise","isPartOf":{"@id":"https:\/\/anapusca.com\/#website"},"primaryImageOfPage":{"@id":"https:\/\/anapusca.com\/vos-besoins\/#primaryimage"},"image":{"@id":"https:\/\/anapusca.com\/vos-besoins\/#primaryimage"},"thumbnailUrl":"https:\/\/anapusca.com\/wp-content\/uploads\/2024\/12\/vos_besoins.png","datePublished":"2021-01-30T18:10:24+00:00","dateModified":"2025-01-26T19:41:26+00:00","description":"D\u00e9veloppez votre leadership et prenez des d\u00e9cisions strat\u00e9giques avec assurance gr\u00e2ce \u00e0 un accompagnement sur-mesure. Coaching de dirigeants pour clarifier vos priorit\u00e9s, maximiser votre impact et r\u00e9ussir vos transitions professionnelles. Prenez rendez-vous d\u00e8s maintenant !","breadcrumb":{"@id":"https:\/\/anapusca.com\/vos-besoins\/#breadcrumb"},"inLanguage":"en-US","potentialAction":[{"@type":"ReadAction","target":["https:\/\/anapusca.com\/vos-besoins\/"]}]},{"@type":"ImageObject","inLanguage":"en-US","@id":"https:\/\/anapusca.com\/vos-besoins\/#primaryimage","url":"https:\/\/anapusca.com\/wp-content\/uploads\/2024\/12\/vos_besoins.png","contentUrl":"https:\/\/anapusca.com\/wp-content\/uploads\/2024\/12\/vos_besoins.png","width":1280,"height":289},{"@type":"BreadcrumbList","@id":"https:\/\/anapusca.com\/vos-besoins\/#breadcrumb","itemListElement":[{"@type":"ListItem","position":1,"name":"Accueil","item":"https:\/\/anapusca.com\/"},{"@type":"ListItem","position":2,"name":"Vos besoins, mon expertise"}]},{"@type":"WebSite","@id":"https:\/\/anapusca.com\/#website","url":"https:\/\/anapusca.com\/","name":"Ana Pu\u0219c\u0103 - Executive & Life Coach","description":"Executive Coach","publisher":{"@id":"https:\/\/anapusca.com\/#organization"},"potentialAction":[{"@type":"SearchAction","target":{"@type":"EntryPoint","urlTemplate":"https:\/\/anapusca.com\/?s={search_term_string}"},"query-input":{"@type":"PropertyValueSpecification","valueRequired":true,"valueName":"search_term_string"}}],"inLanguage":"en-US"},{"@type":"Organization","@id":"https:\/\/anapusca.com\/#organization","name":"Ana Pu\u0219c\u0103 - Executive & Life Coach","url":"https:\/\/anapusca.com\/","logo":{"@type":"ImageObject","inLanguage":"en-US","@id":"https:\/\/anapusca.com\/#\/schema\/logo\/image\/","url":"https:\/\/anapusca.com\/wp-content\/uploads\/2018\/08\/logo-f-mic.png","contentUrl":"https:\/\/anapusca.com\/wp-content\/uploads\/2018\/08\/logo-f-mic.png","width":283,"height":79,"caption":"Ana Pu\u0219c\u0103 - Executive & Life Coach"},"image":{"@id":"https:\/\/anapusca.com\/#\/schema\/logo\/image\/"},"sameAs":["https:\/\/www.facebook.com\/coachanapusca","https:\/\/www.linkedin.com\/company\/ana-pusca-executive-life-coach\/"]}]}},"_links":{"self":[{"href":"https:\/\/anapusca.com\/en\/wp-json\/wp\/v2\/pages\/2579","targetHints":{"allow":["GET"]}}],"collection":[{"href":"https:\/\/anapusca.com\/en\/wp-json\/wp\/v2\/pages"}],"about":[{"href":"https:\/\/anapusca.com\/en\/wp-json\/wp\/v2\/types\/page"}],"author":[{"embeddable":true,"href":"https:\/\/anapusca.com\/en\/wp-json\/wp\/v2\/users\/1"}],"replies":[{"embeddable":true,"href":"https:\/\/anapusca.com\/en\/wp-json\/wp\/v2\/comments?post=2579"}],"version-history":[{"count":62,"href":"https:\/\/anapusca.com\/en\/wp-json\/wp\/v2\/pages\/2579\/revisions"}],"predecessor-version":[{"id":3071,"href":"https:\/\/anapusca.com\/en\/wp-json\/wp\/v2\/pages\/2579\/revisions\/3071"}],"wp:featuredmedia":[{"embeddable":true,"href":"https:\/\/anapusca.com\/en\/wp-json\/wp\/v2\/media\/2955"}],"wp:attachment":[{"href":"https:\/\/anapusca.com\/en\/wp-json\/wp\/v2\/media?parent=2579"}],"curies":[{"name":"wp","href":"https:\/\/api.w.org\/{rel}","templated":true}]}}