{"id":2698,"date":"2021-04-02T08:56:28","date_gmt":"2021-04-02T06:56:28","guid":{"rendered":"https:\/\/anapusca.com\/?page_id=2698"},"modified":"2025-06-15T16:33:52","modified_gmt":"2025-06-15T14:33:52","slug":"temoignages","status":"publish","type":"page","link":"https:\/\/anapusca.com\/en\/temoignages\/","title":{"rendered":"Client stories"},"content":{"rendered":"<div id=\"pl-2698\"  class=\"panel-layout\" ><div id=\"pg-2698-0\"  class=\"panel-grid panel-has-style\" ><div class=\"so-parallax panel-row-style panel-row-style-for-2698-0\" id=\"testimonialsRowId\" ><img fetchpriority=\"high\" decoding=\"async\" width=\"2496\" height=\"1594\" src=\"https:\/\/anapusca.com\/wp-content\/uploads\/2018\/11\/testimonials-bg.jpg\" class=\"attachment-full size-full\" alt=\"Ana Pusca Executive &amp; Life Coach\" data-siteorigin-parallax=\"true\" loading=\"eager\" style=\"opacity: 0.10;\" srcset=\"https:\/\/anapusca.com\/wp-content\/uploads\/2018\/11\/testimonials-bg.jpg 2496w, https:\/\/anapusca.com\/wp-content\/uploads\/2018\/11\/testimonials-bg-300x192.jpg 300w, https:\/\/anapusca.com\/wp-content\/uploads\/2018\/11\/testimonials-bg-768x490.jpg 768w, https:\/\/anapusca.com\/wp-content\/uploads\/2018\/11\/testimonials-bg-1024x654.jpg 1024w\" sizes=\"(max-width: 2496px) 100vw, 2496px\" \/><div id=\"pgc-2698-0-0\"  class=\"panel-grid-cell\" ><div id=\"panel-2698-0-0-0\" class=\"so-panel widget widget_text panel-first-child\" data-index=\"0\" ><div class=\"panel-widget-style panel-widget-style-for-2698-0-0-0\" >\t\t\t<div class=\"textwidget\"><p><a href=\"https:\/\/search.google.com\/local\/reviews?placeid=ChIJY75eFjpv5kcRypOmMA5TQcQ\" target=\"_blank\" rel=\"noopener\">Find more reviews on Google&#8230;<\/a> \u00a0\u00a0<a href=\"https:\/\/search.google.com\/local\/writereview?placeid=ChIJY75eFjpv5kcRypOmMA5TQcQ\">Write a review on Google&#8230;<\/a><\/p>\n<\/div>\n\t\t<\/div><\/div>\t\t<div id=\"panel-2698-0-0-1\" class=\"so-panel widget widget_display-testimonials widget_testimonials_entries panel-last-child\" data-index=\"1\" >\t\t<h3 class=\"widget-title\">\u00a0<\/h3>\n\t\t\t<ul id=\"testimonials\" class=\"jcarousel jcarousel-skin\">\n\n\t\t\t\t\t\t\n\t\t\t\t\t<li class=\"slide\">\n\t\t\t\t\t\t\n\t\t\t\t\t\t<div class=\"partner-contact-info\">\n\n\t\t\t\t\t\t\t\n\t\t\t\t\t\t\tSt\u00e9phane (France),\t\t\t\t\t\t\t\n\t\t\t\t\t\t\t\t\t\t\t\t\t\t\n\t\t\t\t\t\t\t\t\t<br \/>\n\t\t\t\t\t\t\t\t\tDirecteur G\u00e9n\u00e9ral\t\t\t\t\t\t\t\n\t\t\t\t\t\t\t\t\t\t\t\t\t\t\n\t\t\t\t\t\t\t\t\t\t\t\t\t<\/div>\n\t\t\t\t\t\t\n\t\t\t\t\t\t\n\t\t\t\t\t\t\n\t\t\t\t\t\t<div class=\"testimonial-quote\">\n\t\t\t\t\t\t\t<!--\n\t\t\t\t\t\t\t\t\t\t\t\t\t\t-->\n\t\t\t\t\t\t\t<p style=\"text-align: left;\"> Le coaching est pour moi une parenth\u00e8se dans l\u2019agitation de mon m\u00e9tier au quotidien, un moyen de prendre du recul et de revisiter des situations avec un autre angle, une autre approche.<\/p>\n<p><a class=\"more-link\" href=\"https:\/\/anapusca.com\/en\/testimonial\/stephane-directeur-general\/\">Read more&#8230;<\/a><\/p>\n\n\t\t\t\t\t\t<\/div>\n\t\t\t\t\t\t\n\t\t\t\t\t\t<div class=\"clear\"><\/div>\n\t\t\t\t\t\t\n\t\t\t\t\t<\/li>\n\n\t\t\t\n\t\t\t\t\t<li class=\"slide\">\n\t\t\t\t\t\t\n\t\t\t\t\t\t<div class=\"partner-contact-info\">\n\n\t\t\t\t\t\t\t\n\t\t\t\t\t\t\tAgnel (Poland)\t\t\t\t\t\t\t\n\t\t\t\t\t\t\t\t\t\t\t\t\t\t\n\t\t\t\t\t\t\t\t\t<br \/>\n\t\t\t\t\t\t\t\t\tSenior Business Analyst\t\t\t\t\t\t\t\n\t\t\t\t\t\t\t\t\t\t\t\t\t\t\n\t\t\t\t\t\t\t\t\t\t\t\t\t<\/div>\n\t\t\t\t\t\t\n\t\t\t\t\t\t\n\t\t\t\t\t\t\n\t\t\t\t\t\t<div class=\"testimonial-quote\">\n\t\t\t\t\t\t\t<!--\n\t\t\t\t\t\t\t\t\t\t\t\t\t\t-->\n\t\t\t\t\t\t\t<p> Each of the coaching sessions with Ana were very useful to me.<\/p>\n<p>The sessions were designed in a way, that I never lost sight of my main goal, and at the same time worked on all the issues that we identified during our session, that kept me from progressing towards my main goal.<\/p>\n<p><a class=\"more-link\" href=\"https:\/\/anapusca.com\/en\/testimonial\/agnel-senior-business-analyst\/\">Read more&#8230;<\/a><\/p>\n\n\t\t\t\t\t\t<\/div>\n\t\t\t\t\t\t\n\t\t\t\t\t\t<div class=\"clear\"><\/div>\n\t\t\t\t\t\t\n\t\t\t\t\t<\/li>\n\n\t\t\t\n\t\t\t\t\t<li class=\"slide\">\n\t\t\t\t\t\t\n\t\t\t\t\t\t<div class=\"partner-contact-info\">\n\n\t\t\t\t\t\t\t\n\t\t\t\t\t\t\tMamiko (Japan),\t\t\t\t\t\t\t\n\t\t\t\t\t\t\t\t\t\t\t\t\t\t\n\t\t\t\t\t\t\t\t\t<br \/>\n\t\t\t\t\t\t\t\t\tFixed Income Evaluator\t\t\t\t\t\t\t\n\t\t\t\t\t\t\t\t\t\t\t\t\t\t\n\t\t\t\t\t\t\t\t\t\t\t\t\t<\/div>\n\t\t\t\t\t\t\n\t\t\t\t\t\t\n\t\t\t\t\t\t\n\t\t\t\t\t\t<div class=\"testimonial-quote\">\n\t\t\t\t\t\t\t<!--\n\t\t\t\t\t\t\t\t\t\t\t\t\t\t-->\n\t\t\t\t\t\t\t<p style=\"text-align: left;\"> I was wondering what kind of career opportunity is available to me. The session with Ana helped me to realize my real desire what I want to do and want to be which were hidden deep inside due to hectic life. Through her session, I was able to think and act more independently.<\/p>\n<p><a class=\"more-link\" href=\"https:\/\/anapusca.com\/en\/testimonial\/mamiko-analyste-valorisateur-taux-dinteret-japon\/\">Read more&#8230;<\/a><\/p>\n\n\t\t\t\t\t\t<\/div>\n\t\t\t\t\t\t\n\t\t\t\t\t\t<div class=\"clear\"><\/div>\n\t\t\t\t\t\t\n\t\t\t\t\t<\/li>\n\n\t\t\t\n\t\t\t\t\t<li class=\"slide\">\n\t\t\t\t\t\t\n\t\t\t\t\t\t<div class=\"partner-contact-info\">\n\n\t\t\t\t\t\t\t\n\t\t\t\t\t\t\tJulien (France)\t\t\t\t\t\t\t\n\t\t\t\t\t\t\t\t\t\t\t\t\t\t\n\t\t\t\t\t\t\t\t\t<br \/>\n\t\t\t\t\t\t\t\t\tFormateur, coach et conf\u00e9rencier\t\t\t\t\t\t\t\n\t\t\t\t\t\t\t\t\t\t\t\t\t\t\n\t\t\t\t\t\t\t\t\t\t\t\t\t<\/div>\n\t\t\t\t\t\t\n\t\t\t\t\t\t\n\t\t\t\t\t\t\n\t\t\t\t\t\t<div class=\"testimonial-quote\">\n\t\t\t\t\t\t\t<!--\n\t\t\t\t\t\t\t\t\t\t\t\t\t\t-->\n\t\t\t\t\t\t\t<p> Le coaching avec Ana m&#8217;a permis de r\u00e9aliser mes progr\u00e8s sur les ann\u00e9es pass\u00e9es et que j&#8217;ai les moyens de d\u00e9passer mes limites, qu&#8217;il n&#8217;y a finalement que moi qui restreint ma r\u00e9alit\u00e9.<\/p>\n<p><a class=\"more-link\" href=\"https:\/\/anapusca.com\/en\/testimonial\/julien-formateur-coach-et-conferencier\/\">Read more&#8230;<\/a><\/p>\n\n\t\t\t\t\t\t<\/div>\n\t\t\t\t\t\t\n\t\t\t\t\t\t<div class=\"clear\"><\/div>\n\t\t\t\t\t\t\n\t\t\t\t\t<\/li>\n\n\n\t\t\t<\/ul>\n\n\t\t<\/div><\/div><div id=\"pgc-2698-0-1\"  class=\"panel-grid-cell\" ><div id=\"panel-2698-0-1-0\" class=\"so-panel widget widget_google_business_reviews_rating google-business-reviews-rating-widget panel-first-child\" data-index=\"2\" ><h3 class=\"widget-title\">Google Rating<\/h3><div id=\"google-business-reviews-rating\" class=\"google-business-reviews-rating gmbrr widget\">\r\n\t<p class=\"rating\"><span class=\"number\">5.0<\/span> <span class=\"all-stars animate\"><span class=\"star\"><\/span><span class=\"star\"><\/span><span class=\"star\"><\/span><span class=\"star\"><\/span><span class=\"star\"><\/span><\/span> <a href=\"https:\/\/search.google.com\/local\/reviews?placeid=ChIJY75eFjpv5kcRypOmMA5TQcQ\" target=\"_blank\" rel=\"nofollow\" class=\"count\">140 reviews<\/a><\/p>\r\n<ul class=\"listing\">\r\n\t\t<li class=\"rating-5\" data-index=\"0\">\r\n\t\t\t<span class=\"author-avatar\"><a href=\"https:\/\/www.google.com\/maps\/contrib\/103296530946440329390\/reviews\" target=\"_blank\" rel=\"nofollow\"><img decoding=\"async\" src=\"https:\/\/lh3.googleusercontent.com\/a-\/AOh14Gj_JkINK2wosCyDREIOY5OVkULQ3SX_uLshUtx-=s128-c0x00000000-cc-rp-mo\" alt=\"Avatar\"><\/a><\/span>\r\n\t\t\t<span class=\"review-meta\">\r\n\t\t\t\t<span class=\"author-name\"><a href=\"https:\/\/www.google.com\/maps\/contrib\/103296530946440329390\/reviews\" target=\"_blank\" rel=\"nofollow\">David Vallee<\/a><\/span>\r\n\t\t\t\t<span class=\"rating\">\u2605\u2605\u2605\u2605\u2605<\/span>\r\n\t\t\t\t<span class=\"relative-time-description\">il y a 5 ann\u00e9es<\/span>\r\n\t\t\t<\/span>\r\n\t\t\t<div class=\"text text-excerpt\"><span class=\"review-snippet\">Je ne suis habituellement pas tr\u00e8s sensible aux promesses de r\u00e9sultats des coachs. Mais devant un gros challenge professionnel,<\/span> <span class=\"review-more-placeholder\">\u2026 More<\/span><span class=\"review-full-text\"> je me suis surpris \u00e0 r\u00e9pondre favorablement \u00e0 l\u2019ouverture propos\u00e9e par Ana.<br>\n\t\t\t\tFace \u00e0 son intelligence brute et son empathie, et ce sans aucun jugement, Ana a su m\u2019ouvrir \u00e0 moi-m\u00eame. Je ne sais quel homme j\u2019aurais continu\u00e9 d\u2019\u00eatre sans elle, mais je sais que je suis meilleur gr\u00e2ce \u00e0 elle. Merci!<\/span><\/div>\r\n\t\t<\/li>\r\n\t\t<li class=\"rating-5\" data-index=\"1\">\r\n\t\t\t<span class=\"author-avatar\"><a href=\"https:\/\/www.google.com\/maps\/contrib\/115701896923412090375\/reviews\" target=\"_blank\" rel=\"nofollow\"><img decoding=\"async\" src=\"https:\/\/lh5.googleusercontent.com\/-FO-2Gqi8ChY\/AAAAAAAAAAI\/AAAAAAAAAAA\/AMZuucn92_u5I2KXNUYAf_JBt8WBaH5-zg\/s128-c0x00000000-cc-rp-mo\/photo.jpg\" alt=\"Avatar\"><\/a><\/span>\r\n\t\t\t<span class=\"review-meta\">\r\n\t\t\t\t<span class=\"author-name\"><a href=\"https:\/\/www.google.com\/maps\/contrib\/115701896923412090375\/reviews\" target=\"_blank\" rel=\"nofollow\">Philippe Wang<\/a><\/span>\r\n\t\t\t\t<span class=\"rating\">\u2605\u2605\u2605\u2605\u2605<\/span>\r\n\t\t\t\t<span class=\"relative-time-description\">il y a 5 ann\u00e9es<\/span>\r\n\t\t\t<\/span>\r\n\t\t\t<div class=\"text text-excerpt\"><span class=\"review-snippet\">Le coaching d&#039;Ana m&#039;a permis de prendre du recul et d&#039;employer ce qu&#039;il d&#039;intelligence afin de voir<\/span> <span class=\"review-more-placeholder\">\u2026 More<\/span><span class=\"review-full-text\"> de plus loin et en plus symbiotique ma vie. Pas celle d&#039;un autre, ou ce que la soci\u00e9t\u00e9 veuille que l&#039;on soit, des jugements tout faits, c&#039;est \u00e0 dire mal faits. Elle m&#039;a aid\u00e9 \u00e0 dessiner un patron sur mesure qui nous permet de fa\u00e7onner tant bien que mal une id\u00e9e de notre destin\u00e9e d&#039;homme<\/span><\/div>\r\n\t\t<\/li>\r\n\t\t<li class=\"rating-5\" data-index=\"2\">\r\n\t\t\t<span class=\"author-avatar\"><a href=\"https:\/\/www.google.com\/maps\/contrib\/109352433007786349000\/reviews\" target=\"_blank\" rel=\"nofollow\"><img decoding=\"async\" src=\"https:\/\/lh3.googleusercontent.com\/-SqllTVBTtZ4\/AAAAAAAAAAI\/AAAAAAAAAAA\/AMZuuclz5aI9qUOebb_nf8sfVnzfixBjcQ\/s128-c0x00000000-cc-rp-mo\/photo.jpg\" alt=\"Avatar\"><\/a><\/span>\r\n\t\t\t<span class=\"review-meta\">\r\n\t\t\t\t<span class=\"author-name\"><a href=\"https:\/\/www.google.com\/maps\/contrib\/109352433007786349000\/reviews\" target=\"_blank\" rel=\"nofollow\">Olivia Ferrari<\/a><\/span>\r\n\t\t\t\t<span class=\"rating\">\u2605\u2605\u2605\u2605\u2605<\/span>\r\n\t\t\t\t<span class=\"relative-time-description\">il y a 5 ann\u00e9es<\/span>\r\n\t\t\t<\/span>\r\n\t\t\t<div class=\"text text-excerpt\"><span class=\"review-snippet\">J\u2019ai eu la chance d\u2019\u00eatre accompagn\u00e9e par Ana pendant ma formation de coach. Ses feedbacks ont \u00e9t\u00e9 cl\u00e9s dans mon parcours,<\/span> <span class=\"review-more-placeholder\">\u2026 More<\/span><span class=\"review-full-text\"> toujours tr\u00e8s \u00e9clairants au fil des difficult\u00e9s que j\u2019ai pu rencontrer. Sa disponibilit\u00e9, son \u00e9coute et la pertinence de ses partages, associ\u00e9s \u00e0 sa bienveillance, m\u2019ont permis de lever par moi-m\u00eame mes blocages les plus persistants. Ana n\u2019a eu de cesse de nous encourager, sinc\u00e8rement convaincue de notre plein potentiel : irradi\u00e9e par la confiance qu\u2019elle nous a port\u00e9e, j\u2019ai gr\u00e2ce \u00e0 elle appris \u00e0 me faire davantage confiance. Son \u00e9nergie, sa bonne humeur et son sens de l\u2019humour sont contagieux, et son authenticit\u00e9 est pour moi tr\u00e8s inspirante !<\/span><\/div>\r\n\t\t<\/li>\r\n\t\t<li class=\"rating-5\" data-index=\"3\">\r\n\t\t\t<span class=\"author-avatar\"><a href=\"https:\/\/www.google.com\/maps\/contrib\/105504275775918767613\/reviews\" target=\"_blank\" rel=\"nofollow\"><img decoding=\"async\" src=\"https:\/\/lh6.googleusercontent.com\/-W-JAjqrBAY0\/AAAAAAAAAAI\/AAAAAAAAAAA\/AMZuucnx_50w1T_eyVYWyRZwvS5bL-goXw\/s128-c0x00000000-cc-rp-mo\/photo.jpg\" alt=\"Avatar\"><\/a><\/span>\r\n\t\t\t<span class=\"review-meta\">\r\n\t\t\t\t<span class=\"author-name\"><a href=\"https:\/\/www.google.com\/maps\/contrib\/105504275775918767613\/reviews\" target=\"_blank\" rel=\"nofollow\">Adeline Rodrigues Pereira<\/a><\/span>\r\n\t\t\t\t<span class=\"rating\">\u2605\u2605\u2605\u2605\u2605<\/span>\r\n\t\t\t\t<span class=\"relative-time-description\">il y a 5 ann\u00e9es<\/span>\r\n\t\t\t<\/span>\r\n\t\t\t<div class=\"text text-excerpt\"><span class=\"review-snippet\">Ana est une personne inspirante qui ne d\u00e9gage que des \u00e9nergies positives; quoi d&#039;autres pour nous aider \u00e0 avancer ?<\/span> <span class=\"review-more-placeholder\">\u2026 More<\/span><span class=\"review-full-text\"> Un grand merci Ana pour ton accompagnement tout au long de ma formation de coach; tes conseils \u00e9taient d&#039;une qualit\u00e9 remarquable et m&#039;ont beaucoup aid\u00e9e \u00e0 avancer !<\/span><\/div>\r\n\t\t<\/li>\r\n\t\t<li class=\"rating-5\" data-index=\"4\">\r\n\t\t\t<span class=\"author-avatar\"><a href=\"https:\/\/www.google.com\/maps\/contrib\/112142816893354223337\/reviews\" target=\"_blank\" rel=\"nofollow\"><img decoding=\"async\" src=\"https:\/\/lh3.googleusercontent.com\/a-\/AOh14GiQ_ATGHH5Et0SeKPMwIITzDjoft-_s-pwkX5jlFw=s128-c0x00000000-cc-rp-mo\" alt=\"Avatar\"><\/a><\/span>\r\n\t\t\t<span class=\"review-meta\">\r\n\t\t\t\t<span class=\"author-name\"><a href=\"https:\/\/www.google.com\/maps\/contrib\/112142816893354223337\/reviews\" target=\"_blank\" rel=\"nofollow\">Cl\u00e9mentine Faron<\/a><\/span>\r\n\t\t\t\t<span class=\"rating\">\u2605\u2605\u2605\u2605\u2605<\/span>\r\n\t\t\t\t<span class=\"relative-time-description\">il y a 5 ann\u00e9es<\/span>\r\n\t\t\t<\/span>\r\n\t\t\t<div class=\"text text-excerpt\"><span class=\"review-snippet\">Ana a accompagn\u00e9 ma formation de coach avec dynamisme, cadre, bienveillance, r\u00e9activit\u00e9 et toujours une bonne humeur communicatrice<\/span> <span class=\"review-more-placeholder\">\u2026 More<\/span><span class=\"review-full-text\"> ! La passion du coaching qui l&#039;anime transparait dans tous les cadeaux qu&#039;elle a partag\u00e9 \u00e0 notre promotion au long de notre parcours p\u00e9dagogique. Elle a aussi pris le temps de m&#039;accompagner personnellement, en marge de la formation, par des \u00e9clairages puissants sur mes transformations spiralaires \ud83d\ude09 Je ressens beaucoup de gratitude d&#039;avoir pu la compter comme ressource aupr\u00e8s de moi. Merci Ana !<\/span><\/div>\r\n\t\t<\/li>\r\n\t<\/ul>\r\n\t<p class=\"attribution\"><span class=\"powered-by-google\" title=\"Powered by Google\"><\/span><\/p>\r\n<\/div>\r\n<\/div><div id=\"panel-2698-0-1-1\" class=\"so-panel widget widget_sow-image panel-last-child\" data-index=\"3\" ><div class=\"panel-widget-style panel-widget-style-for-2698-0-1-1\" ><div\n\t\t\t\n\t\t\tclass=\"so-widget-sow-image so-widget-sow-image-default-8b5b6f678277-1880\"\n\t\t\t\n\t\t><\/div><\/div><\/div><\/div><\/div><\/div><\/div>","protected":false},"excerpt":{"rendered":"<p>Find more reviews on Google&#8230; \u00a0\u00a0Write a review on Google&#8230;<\/p>\n","protected":false},"author":1,"featured_media":0,"parent":0,"menu_order":0,"comment_status":"closed","ping_status":"closed","template":"","meta":{"footnotes":""},"class_list":["post-2698","page","type-page","status-publish","hentry"],"yoast_head":"<!-- This site is optimized with the Yoast SEO plugin v27.4 - https:\/\/yoast.com\/product\/yoast-seo-wordpress\/ -->\n<title>Client stories<\/title>\n<meta name=\"description\" content=\"Would you like to read some testimonials? You will find comments on the coaching sessions from some of my clients. Ana, Executive Coach in Paris.\" \/>\n<meta name=\"robots\" content=\"index, follow, max-snippet:-1, max-image-preview:large, max-video-preview:-1\" \/>\n<link rel=\"canonical\" href=\"https:\/\/anapusca.com\/en\/temoignages\/\" \/>\n<meta property=\"og:locale\" content=\"en_US\" \/>\n<meta property=\"og:locale:alternate\" content=\"fr_FR\" \/>\n<meta property=\"og:type\" content=\"article\" \/>\n<meta property=\"og:title\" content=\"Client stories\" \/>\n<meta property=\"og:description\" content=\"Would you like to read some testimonials? You will find comments on the coaching sessions from some of my clients. Ana, Executive Coach in Paris.\" \/>\n<meta property=\"og:url\" content=\"https:\/\/anapusca.com\/en\/temoignages\/\" \/>\n<meta property=\"og:site_name\" content=\"Ana Pu\u0219c\u0103\" \/>\n<meta property=\"article:publisher\" content=\"https:\/\/www.facebook.com\/coachanapusca\" \/>\n<meta property=\"article:modified_time\" content=\"2025-06-15T14:33:52+00:00\" \/>\n<meta property=\"og:image\" content=\"https:\/\/anapusca.com\/wp-content\/uploads\/2018\/11\/testimonials-bg.jpg\" \/>\n<meta name=\"twitter:card\" content=\"summary_large_image\" \/>\n<meta name=\"twitter:label1\" content=\"Est. reading time\" \/>\n\t<meta name=\"twitter:data1\" content=\"6 minutes\" \/>\n<script type=\"application\/ld+json\" class=\"yoast-schema-graph\">{\"@context\":\"https:\\\/\\\/schema.org\",\"@graph\":[{\"@type\":\"WebPage\",\"@id\":\"https:\\\/\\\/anapusca.com\\\/temoignages\\\/\",\"url\":\"https:\\\/\\\/anapusca.com\\\/temoignages\\\/\",\"name\":\"Client stories\",\"isPartOf\":{\"@id\":\"https:\\\/\\\/anapusca.com\\\/#website\"},\"primaryImageOfPage\":{\"@id\":\"https:\\\/\\\/anapusca.com\\\/temoignages\\\/#primaryimage\"},\"image\":{\"@id\":\"https:\\\/\\\/anapusca.com\\\/temoignages\\\/#primaryimage\"},\"thumbnailUrl\":\"https:\\\/\\\/anapusca.com\\\/wp-content\\\/uploads\\\/2018\\\/11\\\/testimonials-bg.jpg\",\"datePublished\":\"2021-04-02T06:56:28+00:00\",\"dateModified\":\"2025-06-15T14:33:52+00:00\",\"description\":\"Would you like to read some testimonials? You will find comments on the coaching sessions from some of my clients. Ana, Executive Coach in Paris.\",\"breadcrumb\":{\"@id\":\"https:\\\/\\\/anapusca.com\\\/temoignages\\\/#breadcrumb\"},\"inLanguage\":\"en-US\",\"potentialAction\":[{\"@type\":\"ReadAction\",\"target\":[\"https:\\\/\\\/anapusca.com\\\/temoignages\\\/\"]}]},{\"@type\":\"ImageObject\",\"inLanguage\":\"en-US\",\"@id\":\"https:\\\/\\\/anapusca.com\\\/temoignages\\\/#primaryimage\",\"url\":\"https:\\\/\\\/anapusca.com\\\/wp-content\\\/uploads\\\/2018\\\/11\\\/testimonials-bg.jpg\",\"contentUrl\":\"https:\\\/\\\/anapusca.com\\\/wp-content\\\/uploads\\\/2018\\\/11\\\/testimonials-bg.jpg\"},{\"@type\":\"BreadcrumbList\",\"@id\":\"https:\\\/\\\/anapusca.com\\\/temoignages\\\/#breadcrumb\",\"itemListElement\":[{\"@type\":\"ListItem\",\"position\":1,\"name\":\"Accueil\",\"item\":\"https:\\\/\\\/anapusca.com\\\/\"},{\"@type\":\"ListItem\",\"position\":2,\"name\":\"T\u00e9moignages\"}]},{\"@type\":\"WebSite\",\"@id\":\"https:\\\/\\\/anapusca.com\\\/#website\",\"url\":\"https:\\\/\\\/anapusca.com\\\/\",\"name\":\"Ana Pu\u0219c\u0103 - Executive & Life Coach\",\"description\":\"Executive Coach\",\"publisher\":{\"@id\":\"https:\\\/\\\/anapusca.com\\\/#organization\"},\"potentialAction\":[{\"@type\":\"SearchAction\",\"target\":{\"@type\":\"EntryPoint\",\"urlTemplate\":\"https:\\\/\\\/anapusca.com\\\/?s={search_term_string}\"},\"query-input\":{\"@type\":\"PropertyValueSpecification\",\"valueRequired\":true,\"valueName\":\"search_term_string\"}}],\"inLanguage\":\"en-US\"},{\"@type\":\"Organization\",\"@id\":\"https:\\\/\\\/anapusca.com\\\/#organization\",\"name\":\"Ana Pu\u0219c\u0103 - Executive & Life Coach\",\"url\":\"https:\\\/\\\/anapusca.com\\\/\",\"logo\":{\"@type\":\"ImageObject\",\"inLanguage\":\"en-US\",\"@id\":\"https:\\\/\\\/anapusca.com\\\/#\\\/schema\\\/logo\\\/image\\\/\",\"url\":\"https:\\\/\\\/anapusca.com\\\/wp-content\\\/uploads\\\/2018\\\/08\\\/logo-f-mic.png\",\"contentUrl\":\"https:\\\/\\\/anapusca.com\\\/wp-content\\\/uploads\\\/2018\\\/08\\\/logo-f-mic.png\",\"width\":283,\"height\":79,\"caption\":\"Ana Pu\u0219c\u0103 - Executive & Life Coach\"},\"image\":{\"@id\":\"https:\\\/\\\/anapusca.com\\\/#\\\/schema\\\/logo\\\/image\\\/\"},\"sameAs\":[\"https:\\\/\\\/www.facebook.com\\\/coachanapusca\",\"https:\\\/\\\/www.linkedin.com\\\/company\\\/ana-pusca-executive-life-coach\\\/\"]}]}<\/script>\n<!-- \/ Yoast SEO plugin. -->","yoast_head_json":{"title":"Client stories","description":"Would you like to read some testimonials? You will find comments on the coaching sessions from some of my clients. Ana, Executive Coach in Paris.","robots":{"index":"index","follow":"follow","max-snippet":"max-snippet:-1","max-image-preview":"max-image-preview:large","max-video-preview":"max-video-preview:-1"},"canonical":"https:\/\/anapusca.com\/en\/temoignages\/","og_locale":"en_US","og_type":"article","og_title":"[:fr][:fr]T\u00e9moignages[:en]Client stories[:] - Ana Pu\u0219c\u0103 - Executive & Life Coach[:]","og_description":"[:fr]Envie de lire les t\u00e9moignages ? Vous y trouverez des commentaires sur l'experience v\u00e9cue par certains de mes clients. Ana, Executive Coach \u00e0 Paris.[:en]Would you like to read some testimonials? You will find comments on the coaching sessions from some of my clients. Ana, Executive Coach in Paris.[:]","og_url":"https:\/\/anapusca.com\/en\/temoignages\/","og_site_name":"Ana Pu\u0219c\u0103","article_publisher":"https:\/\/www.facebook.com\/coachanapusca","article_modified_time":"2025-06-15T14:33:52+00:00","og_image":[{"url":"https:\/\/anapusca.com\/wp-content\/uploads\/2018\/11\/testimonials-bg.jpg","type":"","width":"","height":""}],"twitter_card":"summary_large_image","twitter_misc":{"Est. reading time":"6 minutes"},"schema":{"@context":"https:\/\/schema.org","@graph":[{"@type":"WebPage","@id":"https:\/\/anapusca.com\/temoignages\/","url":"https:\/\/anapusca.com\/temoignages\/","name":"Client stories","isPartOf":{"@id":"https:\/\/anapusca.com\/#website"},"primaryImageOfPage":{"@id":"https:\/\/anapusca.com\/temoignages\/#primaryimage"},"image":{"@id":"https:\/\/anapusca.com\/temoignages\/#primaryimage"},"thumbnailUrl":"https:\/\/anapusca.com\/wp-content\/uploads\/2018\/11\/testimonials-bg.jpg","datePublished":"2021-04-02T06:56:28+00:00","dateModified":"2025-06-15T14:33:52+00:00","description":"Would you like to read some testimonials? You will find comments on the coaching sessions from some of my clients. Ana, Executive Coach in Paris.","breadcrumb":{"@id":"https:\/\/anapusca.com\/temoignages\/#breadcrumb"},"inLanguage":"en-US","potentialAction":[{"@type":"ReadAction","target":["https:\/\/anapusca.com\/temoignages\/"]}]},{"@type":"ImageObject","inLanguage":"en-US","@id":"https:\/\/anapusca.com\/temoignages\/#primaryimage","url":"https:\/\/anapusca.com\/wp-content\/uploads\/2018\/11\/testimonials-bg.jpg","contentUrl":"https:\/\/anapusca.com\/wp-content\/uploads\/2018\/11\/testimonials-bg.jpg"},{"@type":"BreadcrumbList","@id":"https:\/\/anapusca.com\/temoignages\/#breadcrumb","itemListElement":[{"@type":"ListItem","position":1,"name":"Accueil","item":"https:\/\/anapusca.com\/"},{"@type":"ListItem","position":2,"name":"T\u00e9moignages"}]},{"@type":"WebSite","@id":"https:\/\/anapusca.com\/#website","url":"https:\/\/anapusca.com\/","name":"Ana Pu\u0219c\u0103 - Executive & Life Coach","description":"Executive Coach","publisher":{"@id":"https:\/\/anapusca.com\/#organization"},"potentialAction":[{"@type":"SearchAction","target":{"@type":"EntryPoint","urlTemplate":"https:\/\/anapusca.com\/?s={search_term_string}"},"query-input":{"@type":"PropertyValueSpecification","valueRequired":true,"valueName":"search_term_string"}}],"inLanguage":"en-US"},{"@type":"Organization","@id":"https:\/\/anapusca.com\/#organization","name":"Ana Pu\u0219c\u0103 - Executive & Life Coach","url":"https:\/\/anapusca.com\/","logo":{"@type":"ImageObject","inLanguage":"en-US","@id":"https:\/\/anapusca.com\/#\/schema\/logo\/image\/","url":"https:\/\/anapusca.com\/wp-content\/uploads\/2018\/08\/logo-f-mic.png","contentUrl":"https:\/\/anapusca.com\/wp-content\/uploads\/2018\/08\/logo-f-mic.png","width":283,"height":79,"caption":"Ana Pu\u0219c\u0103 - Executive & Life Coach"},"image":{"@id":"https:\/\/anapusca.com\/#\/schema\/logo\/image\/"},"sameAs":["https:\/\/www.facebook.com\/coachanapusca","https:\/\/www.linkedin.com\/company\/ana-pusca-executive-life-coach\/"]}]}},"_links":{"self":[{"href":"https:\/\/anapusca.com\/en\/wp-json\/wp\/v2\/pages\/2698","targetHints":{"allow":["GET"]}}],"collection":[{"href":"https:\/\/anapusca.com\/en\/wp-json\/wp\/v2\/pages"}],"about":[{"href":"https:\/\/anapusca.com\/en\/wp-json\/wp\/v2\/types\/page"}],"author":[{"embeddable":true,"href":"https:\/\/anapusca.com\/en\/wp-json\/wp\/v2\/users\/1"}],"replies":[{"embeddable":true,"href":"https:\/\/anapusca.com\/en\/wp-json\/wp\/v2\/comments?post=2698"}],"version-history":[{"count":15,"href":"https:\/\/anapusca.com\/en\/wp-json\/wp\/v2\/pages\/2698\/revisions"}],"predecessor-version":[{"id":3078,"href":"https:\/\/anapusca.com\/en\/wp-json\/wp\/v2\/pages\/2698\/revisions\/3078"}],"wp:attachment":[{"href":"https:\/\/anapusca.com\/en\/wp-json\/wp\/v2\/media?parent=2698"}],"curies":[{"name":"wp","href":"https:\/\/api.w.org\/{rel}","templated":true}]}}