{"id":2699,"date":"2021-02-19T06:46:44","date_gmt":"2021-02-19T05:46:44","guid":{"rendered":"https:\/\/anapusca.com\/?page_id=2699"},"modified":"2024-03-26T18:16:28","modified_gmt":"2024-03-26T17:16:28","slug":"medias","status":"publish","type":"page","link":"https:\/\/anapusca.com\/en\/medias\/","title":{"rendered":"M\u00e9dias"},"content":{"rendered":"\n<p style=\"font-size:26px\">January 30 2024 <strong>ENTREPRENDRE, <\/strong> <br>&#8220;Professional coaching: a valuable ally for overcoming your challenges&#8221; <\/p>\n\n\n\n<div class=\"wp-block-columns has-2-columns is-layout-flex wp-container-core-columns-is-layout-9d6595d7 wp-block-columns-is-layout-flex\">\n<div class=\"wp-block-column is-layout-flow wp-block-column-is-layout-flow\">\n<figure class=\"wp-block-image\"><img loading=\"lazy\" decoding=\"async\" width=\"832\" height=\"511\" src=\"https:\/\/anapusca.com\/wp-content\/uploads\/2024\/03\/Capture-d\u00e9cran-2024-03-26-180353.png\" alt=\"\" class=\"wp-image-2895\" srcset=\"https:\/\/anapusca.com\/wp-content\/uploads\/2024\/03\/Capture-d\u00e9cran-2024-03-26-180353.png 832w, https:\/\/anapusca.com\/wp-content\/uploads\/2024\/03\/Capture-d\u00e9cran-2024-03-26-180353-300x184.png 300w, https:\/\/anapusca.com\/wp-content\/uploads\/2024\/03\/Capture-d\u00e9cran-2024-03-26-180353-768x472.png 768w\" sizes=\"auto, (max-width: 832px) 100vw, 832px\" \/><\/figure>\n\n\n\n<p><\/p>\n<\/div>\n\n\n\n<div class=\"wp-block-column is-layout-flow wp-block-column-is-layout-flow\">\n<p class=\"has-medium-font-size\"> What is the definition of coaching? What are the practices of executive coaching? What are the key considerations for choosing a coach?   <br>Ana Pusca answers questions from <strong>&#8220;Entreprendre&#8221;<\/strong>  <a href=\"https:\/\/www.entreprendre.fr\/le-coaching-professionnel-un-accompagnement-pour-avancer-dans-les-situations-complexes\/\">click here to read more<\/a><\/p>\n<\/div>\n<\/div>\n\n\n\n<p style=\"font-size:26px\">April 29 2021 <strong>FORBES, <\/strong>partnering with Scribeo, &#8220;Business Inside&#8221;<\/p>\n\n\n\n<div class=\"wp-block-columns has-2-columns is-layout-flex wp-container-core-columns-is-layout-9d6595d7 wp-block-columns-is-layout-flex\">\n<div class=\"wp-block-column is-layout-flow wp-block-column-is-layout-flow\">\n<figure class=\"wp-block-video\"><video height=\"540\" style=\"aspect-ratio: 960 \/ 540;\" width=\"960\" controls poster=\"https:\/\/anapusca.com\/wp-content\/uploads\/2021\/05\/Front-BI.jpg\" src=\"https:\/\/anapusca.com\/wp-content\/uploads\/2021\/06\/Ana-Pusca-Business-Inside-SST-ENG-V4-100mo.mp4\"><\/video><\/figure>\n\n\n\n<p><\/p>\n<\/div>\n\n\n\n<div class=\"wp-block-column is-layout-flow wp-block-column-is-layout-flow\">\n<p class=\"has-medium-font-size\">Please find my video<strong> subtitled in english. <\/strong><\/p>\n\n\n\n<p class=\"has-medium-font-size\">You can also find my interview in french on online news channel <strong>FORBES<\/strong> <a rel=\"noreferrer noopener\" aria-label=\"click here to read more (s\u2019ouvre dans un nouvel onglet)\" href=\"https:\/\/www.forbes.fr\/business-inside-tv\/le-coach-va-t-il-enfin-trouver-sa-legitimite-dans-les-entreprises-francaises\/\" target=\"_blank\">click here to read more<\/a><\/p>\n<\/div>\n<\/div>\n\n\n\n<p style=\"font-size:26px\">April 20 2021 <strong>LE FIGARO, <\/strong>partnering with Delta Direct Live, &#8220;Itin\u00e9raires Entreprises&#8221;<\/p>\n\n\n\n<div class=\"wp-block-columns has-2-columns is-layout-flex wp-container-core-columns-is-layout-9d6595d7 wp-block-columns-is-layout-flex\">\n<div class=\"wp-block-column is-layout-flow wp-block-column-is-layout-flow\">\n<figure class=\"wp-block-video\"><video height=\"1080\" style=\"aspect-ratio: 1920 \/ 1080;\" width=\"1920\" controls poster=\"https:\/\/anapusca.com\/wp-content\/uploads\/2021\/04\/Image-background-figaro-1.jpg\" src=\"https:\/\/anapusca.com\/wp-content\/uploads\/2021\/04\/SE43_DeltaPresse-190321_Ana-pusca_V2.mp4\"><\/video><\/figure>\n<\/div>\n\n\n\n<div class=\"wp-block-column is-layout-flow wp-block-column-is-layout-flow\">\n<p class=\"has-medium-font-size\">Please find my interview and video <strong>in french<\/strong> on online news channel <strong>LE FIGARO<\/strong> <a href=\"https:\/\/www.lefigaro.fr\/economie\/ana-pusca-coaching-transformer-les-obstacles-en-ressources-20210420\" target=\"_blank\" rel=\"noreferrer noopener\" aria-label=\"click here to read more (s\u2019ouvre dans un nouvel onglet)\">click here to read more<\/a><\/p>\n<\/div>\n<\/div>\n\n\n\n<p style=\"font-size:26px\">Jan. 28 2021 <strong>BFM BUSINESS, <\/strong>partnering with M\u00e9dias France, &#8220;Le t\u00eate \u00e0 t\u00eate d\u00e9cideurs&#8221;<\/p>\n\n\n\n<div class=\"wp-block-columns has-2-columns is-layout-flex wp-container-core-columns-is-layout-9d6595d7 wp-block-columns-is-layout-flex\">\n<div class=\"wp-block-column is-layout-flow wp-block-column-is-layout-flow\">\n<figure class=\"wp-block-video\"><video height=\"540\" style=\"aspect-ratio: 960 \/ 540;\" width=\"960\" controls poster=\"https:\/\/anapusca.com\/wp-content\/uploads\/2021\/04\/image-background-BFM.jpg\" src=\"https:\/\/anapusca.com\/wp-content\/uploads\/2021\/02\/ANA_PUSCA_V05mp4-ANA_PUSCA_V05mp4-Frameio.mp4\"><\/video><\/figure>\n<\/div>\n\n\n\n<div class=\"wp-block-column is-layout-flow wp-block-column-is-layout-flow\">\n<p class=\"has-medium-font-size\">Please find my interview and video <strong>in french<\/strong> on online news channel <strong>BFM BUSINESS <\/strong><a href=\"https:\/\/www.bfmtv.com\/economie\/operations\/le-tete-a-tete-decideurs\/ana-pusca-une-coach-pour-transformer-les-obstacles-en-opportunites_AN-202101280003.html\" target=\"_blank\" rel=\"noreferrer noopener\" aria-label=\" (s\u2019ouvre dans un nouvel onglet)\">click here to read more<\/a><\/p>\n<\/div>\n<\/div>\n","protected":false},"excerpt":{"rendered":"<p>January 30 2024 ENTREPRENDRE, &#8220;Professional coaching: a valuable ally for overcoming your challenges&#8221; What is the definition of coaching? What are the practices of executive coaching? What are the key considerations for choosing a coach? Ana Pusca answers questions from &#8220;Entreprendre&#8221; click here to read more April 29 2021 FORBES, partnering with Scribeo, &#8220;Business Inside&#8221; [&hellip;]<\/p>\n","protected":false},"author":1,"featured_media":0,"parent":0,"menu_order":0,"comment_status":"closed","ping_status":"closed","template":"","meta":{"footnotes":""},"class_list":["post-2699","page","type-page","status-publish","hentry"],"yoast_head":"<!-- This site is optimized with the Yoast SEO plugin v27.4 - https:\/\/yoast.com\/product\/yoast-seo-wordpress\/ -->\n<title>M\u00e9dias<\/title>\n<meta name=\"robots\" content=\"index, follow, max-snippet:-1, max-image-preview:large, max-video-preview:-1\" \/>\n<link rel=\"canonical\" href=\"https:\/\/anapusca.com\/en\/medias\/\" \/>\n<meta property=\"og:locale\" content=\"en_US\" \/>\n<meta property=\"og:locale:alternate\" content=\"fr_FR\" \/>\n<meta property=\"og:type\" content=\"article\" \/>\n<meta property=\"og:title\" content=\"M\u00e9dias\" \/>\n<meta property=\"og:description\" content=\"January 30 2024 ENTREPRENDRE, &#8220;Professional coaching: a valuable ally for overcoming your challenges&#8221; What is the definition of coaching? What are the practices of executive coaching? What are the key considerations for choosing a coach? Ana Pusca answers questions from &#8220;Entreprendre&#8221; click here to read more April 29 2021 FORBES, partnering with Scribeo, &#8220;Business Inside&#8221; [&hellip;]\" \/>\n<meta property=\"og:url\" content=\"https:\/\/anapusca.com\/en\/medias\/\" \/>\n<meta property=\"og:site_name\" content=\"Ana Pu\u0219c\u0103\" \/>\n<meta property=\"article:publisher\" content=\"https:\/\/www.facebook.com\/coachanapusca\" \/>\n<meta property=\"article:modified_time\" content=\"2024-03-26T17:16:28+00:00\" \/>\n<meta name=\"twitter:card\" content=\"summary_large_image\" \/>\n<meta name=\"twitter:label1\" content=\"Est. reading time\" \/>\n\t<meta name=\"twitter:data1\" content=\"3 minutes\" \/>\n<script type=\"application\/ld+json\" class=\"yoast-schema-graph\">{\"@context\":\"https:\\\/\\\/schema.org\",\"@graph\":[{\"@type\":\"WebPage\",\"@id\":\"https:\\\/\\\/anapusca.com\\\/medias\\\/\",\"url\":\"https:\\\/\\\/anapusca.com\\\/medias\\\/\",\"name\":\"M\u00e9dias\",\"isPartOf\":{\"@id\":\"https:\\\/\\\/anapusca.com\\\/#website\"},\"datePublished\":\"2021-02-19T05:46:44+00:00\",\"dateModified\":\"2024-03-26T17:16:28+00:00\",\"breadcrumb\":{\"@id\":\"https:\\\/\\\/anapusca.com\\\/medias\\\/#breadcrumb\"},\"inLanguage\":\"en-US\",\"potentialAction\":[{\"@type\":\"ReadAction\",\"target\":[\"https:\\\/\\\/anapusca.com\\\/medias\\\/\"]}]},{\"@type\":\"BreadcrumbList\",\"@id\":\"https:\\\/\\\/anapusca.com\\\/medias\\\/#breadcrumb\",\"itemListElement\":[{\"@type\":\"ListItem\",\"position\":1,\"name\":\"Accueil\",\"item\":\"https:\\\/\\\/anapusca.com\\\/\"},{\"@type\":\"ListItem\",\"position\":2,\"name\":\"M\u00e9dias\"}]},{\"@type\":\"WebSite\",\"@id\":\"https:\\\/\\\/anapusca.com\\\/#website\",\"url\":\"https:\\\/\\\/anapusca.com\\\/\",\"name\":\"Ana Pu\u0219c\u0103 - Executive & Life Coach\",\"description\":\"Executive Coach\",\"publisher\":{\"@id\":\"https:\\\/\\\/anapusca.com\\\/#organization\"},\"potentialAction\":[{\"@type\":\"SearchAction\",\"target\":{\"@type\":\"EntryPoint\",\"urlTemplate\":\"https:\\\/\\\/anapusca.com\\\/?s={search_term_string}\"},\"query-input\":{\"@type\":\"PropertyValueSpecification\",\"valueRequired\":true,\"valueName\":\"search_term_string\"}}],\"inLanguage\":\"en-US\"},{\"@type\":\"Organization\",\"@id\":\"https:\\\/\\\/anapusca.com\\\/#organization\",\"name\":\"Ana Pu\u0219c\u0103 - Executive & Life Coach\",\"url\":\"https:\\\/\\\/anapusca.com\\\/\",\"logo\":{\"@type\":\"ImageObject\",\"inLanguage\":\"en-US\",\"@id\":\"https:\\\/\\\/anapusca.com\\\/#\\\/schema\\\/logo\\\/image\\\/\",\"url\":\"https:\\\/\\\/anapusca.com\\\/wp-content\\\/uploads\\\/2018\\\/08\\\/logo-f-mic.png\",\"contentUrl\":\"https:\\\/\\\/anapusca.com\\\/wp-content\\\/uploads\\\/2018\\\/08\\\/logo-f-mic.png\",\"width\":283,\"height\":79,\"caption\":\"Ana Pu\u0219c\u0103 - Executive & Life Coach\"},\"image\":{\"@id\":\"https:\\\/\\\/anapusca.com\\\/#\\\/schema\\\/logo\\\/image\\\/\"},\"sameAs\":[\"https:\\\/\\\/www.facebook.com\\\/coachanapusca\",\"https:\\\/\\\/www.linkedin.com\\\/company\\\/ana-pusca-executive-life-coach\\\/\"]}]}<\/script>\n<!-- \/ Yoast SEO plugin. -->","yoast_head_json":{"title":"M\u00e9dias","robots":{"index":"index","follow":"follow","max-snippet":"max-snippet:-1","max-image-preview":"max-image-preview:large","max-video-preview":"max-video-preview:-1"},"canonical":"https:\/\/anapusca.com\/en\/medias\/","og_locale":"en_US","og_type":"article","og_title":"[:fr]M\u00e9dias[:] - Ana Pu\u0219c\u0103","og_description":"January 30 2024 ENTREPRENDRE, &#8220;Professional coaching: a valuable ally for overcoming your challenges&#8221; What is the definition of coaching? What are the practices of executive coaching? What are the key considerations for choosing a coach? Ana Pusca answers questions from &#8220;Entreprendre&#8221; click here to read more April 29 2021 FORBES, partnering with Scribeo, &#8220;Business Inside&#8221; [&hellip;]","og_url":"https:\/\/anapusca.com\/en\/medias\/","og_site_name":"Ana Pu\u0219c\u0103","article_publisher":"https:\/\/www.facebook.com\/coachanapusca","article_modified_time":"2024-03-26T17:16:28+00:00","twitter_card":"summary_large_image","twitter_misc":{"Est. reading time":"3 minutes"},"schema":{"@context":"https:\/\/schema.org","@graph":[{"@type":"WebPage","@id":"https:\/\/anapusca.com\/medias\/","url":"https:\/\/anapusca.com\/medias\/","name":"M\u00e9dias","isPartOf":{"@id":"https:\/\/anapusca.com\/#website"},"datePublished":"2021-02-19T05:46:44+00:00","dateModified":"2024-03-26T17:16:28+00:00","breadcrumb":{"@id":"https:\/\/anapusca.com\/medias\/#breadcrumb"},"inLanguage":"en-US","potentialAction":[{"@type":"ReadAction","target":["https:\/\/anapusca.com\/medias\/"]}]},{"@type":"BreadcrumbList","@id":"https:\/\/anapusca.com\/medias\/#breadcrumb","itemListElement":[{"@type":"ListItem","position":1,"name":"Accueil","item":"https:\/\/anapusca.com\/"},{"@type":"ListItem","position":2,"name":"M\u00e9dias"}]},{"@type":"WebSite","@id":"https:\/\/anapusca.com\/#website","url":"https:\/\/anapusca.com\/","name":"Ana Pu\u0219c\u0103 - Executive & Life Coach","description":"Executive Coach","publisher":{"@id":"https:\/\/anapusca.com\/#organization"},"potentialAction":[{"@type":"SearchAction","target":{"@type":"EntryPoint","urlTemplate":"https:\/\/anapusca.com\/?s={search_term_string}"},"query-input":{"@type":"PropertyValueSpecification","valueRequired":true,"valueName":"search_term_string"}}],"inLanguage":"en-US"},{"@type":"Organization","@id":"https:\/\/anapusca.com\/#organization","name":"Ana Pu\u0219c\u0103 - Executive & Life Coach","url":"https:\/\/anapusca.com\/","logo":{"@type":"ImageObject","inLanguage":"en-US","@id":"https:\/\/anapusca.com\/#\/schema\/logo\/image\/","url":"https:\/\/anapusca.com\/wp-content\/uploads\/2018\/08\/logo-f-mic.png","contentUrl":"https:\/\/anapusca.com\/wp-content\/uploads\/2018\/08\/logo-f-mic.png","width":283,"height":79,"caption":"Ana Pu\u0219c\u0103 - Executive & Life Coach"},"image":{"@id":"https:\/\/anapusca.com\/#\/schema\/logo\/image\/"},"sameAs":["https:\/\/www.facebook.com\/coachanapusca","https:\/\/www.linkedin.com\/company\/ana-pusca-executive-life-coach\/"]}]}},"_links":{"self":[{"href":"https:\/\/anapusca.com\/en\/wp-json\/wp\/v2\/pages\/2699","targetHints":{"allow":["GET"]}}],"collection":[{"href":"https:\/\/anapusca.com\/en\/wp-json\/wp\/v2\/pages"}],"about":[{"href":"https:\/\/anapusca.com\/en\/wp-json\/wp\/v2\/types\/page"}],"author":[{"embeddable":true,"href":"https:\/\/anapusca.com\/en\/wp-json\/wp\/v2\/users\/1"}],"replies":[{"embeddable":true,"href":"https:\/\/anapusca.com\/en\/wp-json\/wp\/v2\/comments?post=2699"}],"version-history":[{"count":70,"href":"https:\/\/anapusca.com\/en\/wp-json\/wp\/v2\/pages\/2699\/revisions"}],"predecessor-version":[{"id":2898,"href":"https:\/\/anapusca.com\/en\/wp-json\/wp\/v2\/pages\/2699\/revisions\/2898"}],"wp:attachment":[{"href":"https:\/\/anapusca.com\/en\/wp-json\/wp\/v2\/media?parent=2699"}],"curies":[{"name":"wp","href":"https:\/\/api.w.org\/{rel}","templated":true}]}}