{"id":50,"date":"2018-07-08T16:03:30","date_gmt":"2018-07-08T14:03:30","guid":{"rendered":"http:\/\/anapusca.com\/?page_id=50"},"modified":"2025-01-26T20:27:18","modified_gmt":"2025-01-26T19:27:18","slug":"ana-pusca-coach-professionnel-de-dirigeants-certifiee-et-experimentee-paris","status":"publish","type":"page","link":"https:\/\/anapusca.com\/en\/","title":{"rendered":""},"content":{"rendered":"\n<div class=\"wp-block-columns has-2-columns is-layout-flex wp-container-core-columns-is-layout-9d6595d7 wp-block-columns-is-layout-flex\">\n<div class=\"wp-block-column is-layout-flow wp-block-column-is-layout-flow\">\n<figure class=\"wp-block-video\"><video height=\"2160\" style=\"aspect-ratio: 3840 \/ 2160;\" width=\"3840\" controls poster=\"https:\/\/anapusca.com\/wp-content\/uploads\/2020\/01\/presentation-en-front-1.jpg\" src=\"https:\/\/anapusca.com\/wp-content\/uploads\/2020\/01\/ANA PUSCA - ENGLISH VERSION OFFICIELLE.mp4\"><\/video><figcaption>Executive Coach<\/figcaption><\/figure>\n\n\n\n<p><\/p>\n<\/div>\n\n\n\n<div class=\"wp-block-column is-layout-flow wp-block-column-is-layout-flow\">\n<figure class=\"wp-block-video\"><video height=\"1080\" style=\"aspect-ratio: 1920 \/ 1080;\" width=\"1920\" controls poster=\"https:\/\/anapusca.com\/wp-content\/uploads\/2019\/09\/Ana-Pusca-executive-coach-video-presentation.jpg\" src=\"https:\/\/anapusca.com\/wp-content\/uploads\/2019\/09\/ana-pusca-executive-coach-video.mp4\"><\/video><figcaption>Coach de Dirigeants<\/figcaption><\/figure>\n\n\n\n<p><\/p>\n<\/div>\n<\/div>\n\n\n<ul>\n<li><strong>You sometimes feel stuck<\/strong> when faced with important decisions, seeking clarity and alignment with your long-term ambitions.<\/li>\n<li><strong>You recognize that<\/strong> <strong>your posture needs to evolve<\/strong> alongside the growth of your business and the needs of your teams. You are taking on a new role and need to <strong>establish a presence<\/strong><span data-olk-copy-source=\"MessageBody\">&nbsp;that will enable you to successfully <strong>integrate into your new position<\/strong> quickly.<\/span><\/li>\n<li><strong>You want to strengthen your leadership posture<\/strong> to inspire your teams by creating an environment conducive to innovation and collaboration.<\/li>\n<\/ul>\n<p>&nbsp;<\/p>\n<h2>Turn your challenges into opportunities with tailored support<\/h2>\n<ul>\n<li><strong>Accelerate and clarify your strategic decisions<\/strong> and align your priorities.<\/li>\n<li><b>Support posture changes and role transitions.<\/b><\/li>\n<li><strong>Develop your leadership<\/strong> in a constantly evolving world.<\/li>\n<\/ul>\n<p>With a structured approach and a personalized process, our sessions (in French, English, or Romanian) are adapted to your needs, whether in person in Paris or remotely. Together, we will open up new possibilities, enabling you to tackle your challenges with confidence and ambition.<\/p>\n<p>&nbsp;<\/p>\n<h2><em>&#8220;The secret of change is to focus all your energy not on fighting the past, but on building the future.&#8221;<\/em><br><strong>\u2014 Socrates<\/strong><\/h2>","protected":false},"excerpt":{"rendered":"<p>You sometimes feel stuck when faced with important decisions, seeking clarity and alignment with your long-term ambitions. You recognize that your posture needs to evolve alongside the growth of your business and the needs of your teams. You are taking on a new role and need to establish a presence&nbsp;that will enable you to successfully [&hellip;]<\/p>\n","protected":false},"author":1,"featured_media":0,"parent":0,"menu_order":0,"comment_status":"closed","ping_status":"closed","template":"","meta":{"footnotes":""},"class_list":["post-50","page","type-page","status-publish","hentry"],"yoast_head":"<!-- This site is optimized with the Yoast SEO plugin v27.4 - https:\/\/yoast.com\/product\/yoast-seo-wordpress\/ -->\n<title>Ana Pu\u0219c\u0103 - Executive Coach<\/title>\n<meta name=\"description\" content=\"Ana Executive Coach: I will guide you through turbulent times and trigger new realizations to open up the scope of possibilities available to you (Paris)\" \/>\n<meta name=\"robots\" content=\"index, follow, max-snippet:-1, max-image-preview:large, max-video-preview:-1\" \/>\n<link rel=\"canonical\" href=\"https:\/\/anapusca.com\/en\/\" \/>\n<meta property=\"og:locale\" content=\"en_US\" \/>\n<meta property=\"og:locale:alternate\" content=\"fr_FR\" \/>\n<meta property=\"og:type\" content=\"article\" \/>\n<meta property=\"og:title\" content=\"Ana Pu\u0219c\u0103 - Executive Coach\" \/>\n<meta property=\"og:description\" content=\"Transformez vos d\u00e9fis en opportunit\u00e9s avec l&#039;accompagnement sur mesure d&#039;Ana Pusca, coach professionnel de DIrigeants certifi\u00e9e \u00e0 Paris.\" \/>\n<meta property=\"og:url\" content=\"https:\/\/anapusca.com\/en\/\" \/>\n<meta property=\"og:site_name\" content=\"Ana Pu\u0219c\u0103\" \/>\n<meta property=\"article:publisher\" content=\"https:\/\/www.facebook.com\/coachanapusca\" \/>\n<meta property=\"article:modified_time\" content=\"2025-01-26T19:27:18+00:00\" \/>\n<meta name=\"twitter:card\" content=\"summary_large_image\" \/>\n<meta name=\"twitter:label1\" content=\"Est. reading time\" \/>\n\t<meta name=\"twitter:data1\" content=\"2 minutes\" \/>\n<script type=\"application\/ld+json\" class=\"yoast-schema-graph\">{\"@context\":\"https:\\\/\\\/schema.org\",\"@graph\":[{\"@type\":\"WebPage\",\"@id\":\"https:\\\/\\\/anapusca.com\\\/\",\"url\":\"https:\\\/\\\/anapusca.com\\\/\",\"name\":\"Ana Pu\u0219c\u0103 - Executive Coach\",\"isPartOf\":{\"@id\":\"https:\\\/\\\/anapusca.com\\\/#website\"},\"datePublished\":\"2018-07-08T14:03:30+00:00\",\"dateModified\":\"2025-01-26T19:27:18+00:00\",\"description\":\"Transformez vos d\u00e9fis en opportunit\u00e9s avec l'accompagnement sur mesure d'Ana Pusca, coach professionnel de DIrigeants certifi\u00e9e \u00e0 Paris.\",\"inLanguage\":\"en-US\",\"potentialAction\":[{\"@type\":\"ReadAction\",\"target\":[\"https:\\\/\\\/anapusca.com\\\/\"]}]},{\"@type\":\"WebSite\",\"@id\":\"https:\\\/\\\/anapusca.com\\\/#website\",\"url\":\"https:\\\/\\\/anapusca.com\\\/\",\"name\":\"Ana Pu\u0219c\u0103 - Executive & Life Coach\",\"description\":\"Executive Coach\",\"publisher\":{\"@id\":\"https:\\\/\\\/anapusca.com\\\/#organization\"},\"potentialAction\":[{\"@type\":\"SearchAction\",\"target\":{\"@type\":\"EntryPoint\",\"urlTemplate\":\"https:\\\/\\\/anapusca.com\\\/?s={search_term_string}\"},\"query-input\":{\"@type\":\"PropertyValueSpecification\",\"valueRequired\":true,\"valueName\":\"search_term_string\"}}],\"inLanguage\":\"en-US\"},{\"@type\":\"Organization\",\"@id\":\"https:\\\/\\\/anapusca.com\\\/#organization\",\"name\":\"Ana Pu\u0219c\u0103 - Executive & Life Coach\",\"url\":\"https:\\\/\\\/anapusca.com\\\/\",\"logo\":{\"@type\":\"ImageObject\",\"inLanguage\":\"en-US\",\"@id\":\"https:\\\/\\\/anapusca.com\\\/#\\\/schema\\\/logo\\\/image\\\/\",\"url\":\"https:\\\/\\\/anapusca.com\\\/wp-content\\\/uploads\\\/2018\\\/08\\\/logo-f-mic.png\",\"contentUrl\":\"https:\\\/\\\/anapusca.com\\\/wp-content\\\/uploads\\\/2018\\\/08\\\/logo-f-mic.png\",\"width\":283,\"height\":79,\"caption\":\"Ana Pu\u0219c\u0103 - Executive & Life Coach\"},\"image\":{\"@id\":\"https:\\\/\\\/anapusca.com\\\/#\\\/schema\\\/logo\\\/image\\\/\"},\"sameAs\":[\"https:\\\/\\\/www.facebook.com\\\/coachanapusca\",\"https:\\\/\\\/www.linkedin.com\\\/company\\\/ana-pusca-executive-life-coach\\\/\"]}]}<\/script>\n<!-- \/ Yoast SEO plugin. -->","yoast_head_json":{"title":"Ana Pu\u0219c\u0103 - Executive Coach","description":"Ana Executive Coach: I will guide you through turbulent times and trigger new realizations to open up the scope of possibilities available to you (Paris)","robots":{"index":"index","follow":"follow","max-snippet":"max-snippet:-1","max-image-preview":"max-image-preview:large","max-video-preview":"max-video-preview:-1"},"canonical":"https:\/\/anapusca.com\/en\/","og_locale":"en_US","og_type":"article","og_title":"Ana Pu\u0219c\u0103 - Executive Coach","og_description":"Transformez vos d\u00e9fis en opportunit\u00e9s avec l'accompagnement sur mesure d'Ana Pusca, coach professionnel de DIrigeants certifi\u00e9e \u00e0 Paris.","og_url":"https:\/\/anapusca.com\/en\/","og_site_name":"Ana Pu\u0219c\u0103","article_publisher":"https:\/\/www.facebook.com\/coachanapusca","article_modified_time":"2025-01-26T19:27:18+00:00","twitter_card":"summary_large_image","twitter_misc":{"Est. reading time":"2 minutes"},"schema":{"@context":"https:\/\/schema.org","@graph":[{"@type":"WebPage","@id":"https:\/\/anapusca.com\/","url":"https:\/\/anapusca.com\/","name":"Ana Pu\u0219c\u0103 - Executive Coach","isPartOf":{"@id":"https:\/\/anapusca.com\/#website"},"datePublished":"2018-07-08T14:03:30+00:00","dateModified":"2025-01-26T19:27:18+00:00","description":"Transformez vos d\u00e9fis en opportunit\u00e9s avec l'accompagnement sur mesure d'Ana Pusca, coach professionnel de DIrigeants certifi\u00e9e \u00e0 Paris.","inLanguage":"en-US","potentialAction":[{"@type":"ReadAction","target":["https:\/\/anapusca.com\/"]}]},{"@type":"WebSite","@id":"https:\/\/anapusca.com\/#website","url":"https:\/\/anapusca.com\/","name":"Ana Pu\u0219c\u0103 - Executive & Life Coach","description":"Executive Coach","publisher":{"@id":"https:\/\/anapusca.com\/#organization"},"potentialAction":[{"@type":"SearchAction","target":{"@type":"EntryPoint","urlTemplate":"https:\/\/anapusca.com\/?s={search_term_string}"},"query-input":{"@type":"PropertyValueSpecification","valueRequired":true,"valueName":"search_term_string"}}],"inLanguage":"en-US"},{"@type":"Organization","@id":"https:\/\/anapusca.com\/#organization","name":"Ana Pu\u0219c\u0103 - Executive & Life Coach","url":"https:\/\/anapusca.com\/","logo":{"@type":"ImageObject","inLanguage":"en-US","@id":"https:\/\/anapusca.com\/#\/schema\/logo\/image\/","url":"https:\/\/anapusca.com\/wp-content\/uploads\/2018\/08\/logo-f-mic.png","contentUrl":"https:\/\/anapusca.com\/wp-content\/uploads\/2018\/08\/logo-f-mic.png","width":283,"height":79,"caption":"Ana Pu\u0219c\u0103 - Executive & Life Coach"},"image":{"@id":"https:\/\/anapusca.com\/#\/schema\/logo\/image\/"},"sameAs":["https:\/\/www.facebook.com\/coachanapusca","https:\/\/www.linkedin.com\/company\/ana-pusca-executive-life-coach\/"]}]}},"_links":{"self":[{"href":"https:\/\/anapusca.com\/en\/wp-json\/wp\/v2\/pages\/50","targetHints":{"allow":["GET"]}}],"collection":[{"href":"https:\/\/anapusca.com\/en\/wp-json\/wp\/v2\/pages"}],"about":[{"href":"https:\/\/anapusca.com\/en\/wp-json\/wp\/v2\/types\/page"}],"author":[{"embeddable":true,"href":"https:\/\/anapusca.com\/en\/wp-json\/wp\/v2\/users\/1"}],"replies":[{"embeddable":true,"href":"https:\/\/anapusca.com\/en\/wp-json\/wp\/v2\/comments?post=50"}],"version-history":[{"count":182,"href":"https:\/\/anapusca.com\/en\/wp-json\/wp\/v2\/pages\/50\/revisions"}],"predecessor-version":[{"id":3068,"href":"https:\/\/anapusca.com\/en\/wp-json\/wp\/v2\/pages\/50\/revisions\/3068"}],"wp:attachment":[{"href":"https:\/\/anapusca.com\/en\/wp-json\/wp\/v2\/media?parent=50"}],"curies":[{"name":"wp","href":"https:\/\/api.w.org\/{rel}","templated":true}]}}